{"id":1098,"date":"2024-04-05T11:04:51","date_gmt":"2024-04-05T11:04:51","guid":{"rendered":"http:\/\/3.108.192.59\/?page_id=1098"},"modified":"2026-03-05T11:06:59","modified_gmt":"2026-03-05T11:06:59","slug":"delegate-registration","status":"publish","type":"page","link":"https:\/\/vietnam.worldfis.com\/vi\/delegate-registration\/","title":{"rendered":"\u0110\u0102NG K\u00dd TH\u00c0NH VI\u00caN"},"content":{"rendered":"<div class=\"hb-custom-form\">\n<script id=\"myLazyLoadScript\">\n  hbspt.forms.create({\n    css: '',\n    cssRequired: '',\n    region: \"na1\",\n    portalId: \"4931918\",\n    formId: \"ca7bc727-35be-4d8b-9c4a-fb361adf97d2\"\n  });\n<\/script>\n<\/div>\n\n\n\n<p><\/p>","protected":false},"excerpt":{"rendered":"","protected":false},"author":1,"featured_media":0,"parent":0,"menu_order":0,"comment_status":"closed","ping_status":"closed","template":"template\/edition-page-template.php","meta":{"footnotes":""},"class_list":["post-1098","page","type-page","status-publish","hentry"],"acf":[],"_links":{"self":[{"href":"https:\/\/vietnam.worldfis.com\/vi\/wp-json\/wp\/v2\/pages\/1098","targetHints":{"allow":["GET"]}}],"collection":[{"href":"https:\/\/vietnam.worldfis.com\/vi\/wp-json\/wp\/v2\/pages"}],"about":[{"href":"https:\/\/vietnam.worldfis.com\/vi\/wp-json\/wp\/v2\/types\/page"}],"author":[{"embeddable":true,"href":"https:\/\/vietnam.worldfis.com\/vi\/wp-json\/wp\/v2\/users\/1"}],"replies":[{"embeddable":true,"href":"https:\/\/vietnam.worldfis.com\/vi\/wp-json\/wp\/v2\/comments?post=1098"}],"version-history":[{"count":7,"href":"https:\/\/vietnam.worldfis.com\/vi\/wp-json\/wp\/v2\/pages\/1098\/revisions"}],"predecessor-version":[{"id":4034,"href":"https:\/\/vietnam.worldfis.com\/vi\/wp-json\/wp\/v2\/pages\/1098\/revisions\/4034"}],"wp:attachment":[{"href":"https:\/\/vietnam.worldfis.com\/vi\/wp-json\/wp\/v2\/media?parent=1098"}],"curies":[{"name":"wp","href":"https:\/\/api.w.org\/{rel}","templated":true}]}}