{"id":4493,"date":"2026-04-02T05:22:40","date_gmt":"2026-04-02T05:22:40","guid":{"rendered":"https:\/\/vietnam.worldfis.com\/?page_id=4493"},"modified":"2026-04-13T06:00:21","modified_gmt":"2026-04-13T06:00:21","slug":"delegate-registration-meta","status":"publish","type":"page","link":"https:\/\/vietnam.worldfis.com\/vi\/delegate-registration-meta\/","title":{"rendered":"\u0110\u0102NG K\u00dd TH\u00c0NH VI\u00caN"},"content":{"rendered":"<div class=\"hb-custom-form\">\n<script id=\"myLazyLoadScript\">\n   hbspt.forms.create({\ncss:\"\",\n    portalId: \"4931918\",\n    formId: \"cdabbc61-b683-4db1-9ef2-b9eee340dafb\",\n    region: \"na1\"\n  });\n<\/script>\n<\/div>","protected":false},"excerpt":{"rendered":"","protected":false},"author":1,"featured_media":0,"parent":0,"menu_order":0,"comment_status":"closed","ping_status":"closed","template":"template\/edition-page-template.php","meta":{"footnotes":""},"class_list":["post-4493","page","type-page","status-publish","hentry"],"acf":[],"_links":{"self":[{"href":"https:\/\/vietnam.worldfis.com\/vi\/wp-json\/wp\/v2\/pages\/4493","targetHints":{"allow":["GET"]}}],"collection":[{"href":"https:\/\/vietnam.worldfis.com\/vi\/wp-json\/wp\/v2\/pages"}],"about":[{"href":"https:\/\/vietnam.worldfis.com\/vi\/wp-json\/wp\/v2\/types\/page"}],"author":[{"embeddable":true,"href":"https:\/\/vietnam.worldfis.com\/vi\/wp-json\/wp\/v2\/users\/1"}],"replies":[{"embeddable":true,"href":"https:\/\/vietnam.worldfis.com\/vi\/wp-json\/wp\/v2\/comments?post=4493"}],"version-history":[{"count":4,"href":"https:\/\/vietnam.worldfis.com\/vi\/wp-json\/wp\/v2\/pages\/4493\/revisions"}],"predecessor-version":[{"id":4538,"href":"https:\/\/vietnam.worldfis.com\/vi\/wp-json\/wp\/v2\/pages\/4493\/revisions\/4538"}],"wp:attachment":[{"href":"https:\/\/vietnam.worldfis.com\/vi\/wp-json\/wp\/v2\/media?parent=4493"}],"curies":[{"name":"wp","href":"https:\/\/api.w.org\/{rel}","templated":true}]}}